{"id":697,"date":"2018-07-19T16:41:34","date_gmt":"2018-07-19T13:41:34","guid":{"rendered":"http:\/\/galcolineleolteniei.ro\/?page_id=697"},"modified":"2018-07-19T16:41:34","modified_gmt":"2018-07-19T13:41:34","slug":"masura-m4-3a","status":"publish","type":"page","link":"https:\/\/galcolineleolteniei.ro\/2014-2020\/finantare-gal\/masura-m4-3a\/","title":{"rendered":"Masura M4\/3A"},"content":{"rendered":"<h1 style=\"text-align: center;\">Documente Utile<\/h1>\n<p style=\"text-align: center;\">\n<table id=\"tablepress-9\" class=\"tablepress tablepress-id-9\">\n<thead>\n<tr class=\"row-1\">\n\t<th class=\"column-1\">Nr. Crt.<\/th><th class=\"column-2\">Tip Document<\/th><th class=\"column-3\">Nume Document<\/th><th class=\"column-4\">Limba Document<\/th><th class=\"column-5\">Dimensiune document<\/th><th class=\"column-6\">Desc\u0103rcare<\/th>\n<\/tr>\n<\/thead>\n<tbody class=\"row-striping row-hover\">\n<tr class=\"row-2\">\n\t<td class=\"column-1\">1<\/td><td class=\"column-2\"><img loading=\"lazy\" decoding=\"async\" src=\"https:\/\/galcolineleolteniei.ro\/2014-2020\/wp-content\/uploads\/2017\/08\/pdflogo.png\" alt=\"\" width=\"40\" height=\"40\" class=\"aligncenter size-full wp-image-135\" \/><\/td><td class=\"column-3\">Ghidul Solicitantului M4\/3A<\/td><td class=\"column-4\">RO<\/td><td class=\"column-5\">443 KB<\/td><td class=\"column-6\"><a href=\"https:\/\/galcolineleolteniei.ro\/2014-2020\/wp-content\/uploads\/2021\/11\/1.-Ghidul_solicitantului_M4-3A.docx\">Descarca<\/a><\/td>\n<\/tr>\n<tr class=\"row-3\">\n\t<td class=\"column-1\">2<\/td><td class=\"column-2\"><img loading=\"lazy\" decoding=\"async\" src=\"https:\/\/galcolineleolteniei.ro\/2014-2020\/wp-content\/uploads\/2017\/08\/Excel-logo.svg_.png\" alt=\"\" width=\"40\" height=\"39\" class=\"aligncenter size-full wp-image-148\" \/><\/td><td class=\"column-3\">Anexa 1 Cerere Finantare M4\/3A<\/td><td class=\"column-4\">RO<\/td><td class=\"column-5\">529 KB<\/td><td class=\"column-6\"><a href=\"https:\/\/galcolineleolteniei.ro\/2014-2020\/wp-content\/uploads\/2021\/11\/2.Anexa-1-Cerere-de-finantare-M4-3A.xlsx\">Descarca<\/a><\/td>\n<\/tr>\n<tr class=\"row-4\">\n\t<td class=\"column-1\">3<\/td><td class=\"column-2\"><img loading=\"lazy\" decoding=\"async\" src=\"https:\/\/galcolineleolteniei.ro\/2014-2020\/wp-content\/uploads\/2017\/08\/Microsoft_Word_doc_logo.40.png\" alt=\"\" width=\"40\" height=\"40\" class=\"aligncenter size-full wp-image-132\" \/><\/td><td class=\"column-3\">Anexa 2a Studiu de fezabilitate  conform HG28 <\/td><td class=\"column-4\">RO<\/td><td class=\"column-5\">228KB<\/td><td class=\"column-6\"><a href=\"https:\/\/galcolineleolteniei.ro\/2014-2020\/wp-content\/uploads\/2019\/01\/3.-Anexa_2a__Studiu_de_Fezabilitate_conform_HG_28-1.doc\">Descarca<\/a><\/td>\n<\/tr>\n<tr class=\"row-5\">\n\t<td class=\"column-1\">4<\/td><td class=\"column-2\"><img loading=\"lazy\" decoding=\"async\" src=\"https:\/\/galcolineleolteniei.ro\/2014-2020\/wp-content\/uploads\/2017\/08\/Microsoft_Word_doc_logo.40.png\" alt=\"\" width=\"40\" height=\"40\" class=\"aligncenter size-full wp-image-132\" \/><\/td><td class=\"column-3\">Anexa 2b Studiu de fezabilitate  conform HG907 si anexele aferente<\/td><td class=\"column-4\">RO<\/td><td class=\"column-5\">213 KB<\/td><td class=\"column-6\"><a href=\"https:\/\/galcolineleolteniei.ro\/2014-2020\/wp-content\/uploads\/2019\/01\/4.-Anexa_2b_Studiu_de_fezabilitate_conform_HG907_si_anexele_aferente-1.doc\">Descarca<\/a><\/td>\n<\/tr>\n<tr class=\"row-6\">\n\t<td class=\"column-1\">5<\/td><td class=\"column-2\"><img loading=\"lazy\" decoding=\"async\" src=\"https:\/\/galcolineleolteniei.ro\/2014-2020\/wp-content\/uploads\/2017\/08\/Excel-logo.svg_.png\" alt=\"\" width=\"40\" height=\"39\" class=\"aligncenter size-full wp-image-148\" \/><\/td><td class=\"column-3\">Anexa 2 Studiu de Fezabilitate Anexa B <\/td><td class=\"column-4\">RO<\/td><td class=\"column-5\">589 KB<\/td><td class=\"column-6\"><a href=\"https:\/\/galcolineleolteniei.ro\/2014-2020\/wp-content\/uploads\/2019\/01\/5.-Anexa_2_STUDIUL_de_FEZABILITATE_Anexa_B_-1.xls\">Descarca<\/a><\/td>\n<\/tr>\n<tr class=\"row-7\">\n\t<td class=\"column-1\">6<\/td><td class=\"column-2\"><img loading=\"lazy\" decoding=\"async\" src=\"https:\/\/galcolineleolteniei.ro\/2014-2020\/wp-content\/uploads\/2017\/08\/Excel-logo.svg_.png\" alt=\"\" width=\"40\" height=\"39\" class=\"aligncenter size-full wp-image-148\" \/><\/td><td class=\"column-3\">Anexa 2 Studiu de Fezabilitate Anexa C <\/td><td class=\"column-4\">RO<\/td><td class=\"column-5\">268 KB<\/td><td class=\"column-6\"><a href=\"https:\/\/galcolineleolteniei.ro\/2014-2020\/wp-content\/uploads\/2019\/01\/6.-Anexa_2_STUDIUL_de_FEZABILITATE_Anexa_C_-1.xls\">Descarca<\/a><\/td>\n<\/tr>\n<tr class=\"row-8\">\n\t<td class=\"column-1\">7<\/td><td class=\"column-2\"><img loading=\"lazy\" decoding=\"async\" src=\"https:\/\/galcolineleolteniei.ro\/2014-2020\/wp-content\/uploads\/2017\/08\/pdflogo.png\" alt=\"\" width=\"40\" height=\"40\" class=\"aligncenter size-full wp-image-135\" \/><\/td><td class=\"column-3\"> Anexa 4 - Anexa I la Tratatul de Instituire al Comunitatii Europene <\/td><td class=\"column-4\">RO<\/td><td class=\"column-5\">226 KB<\/td><td class=\"column-6\"><a href=\"https:\/\/galcolineleolteniei.ro\/2014-2020\/wp-content\/uploads\/2019\/01\/7.-Anexa_4_-_Anexa_I_la_Tratatul_de_Instituire_al_Comunitatii_Europene_-1.pdf\">Descarca<\/a><\/td>\n<\/tr>\n<tr class=\"row-9\">\n\t<td class=\"column-1\">8<\/td><td class=\"column-2\"><img loading=\"lazy\" decoding=\"async\" src=\"https:\/\/galcolineleolteniei.ro\/2014-2020\/wp-content\/uploads\/2017\/08\/pdflogo.png\" alt=\"\" width=\"40\" height=\"40\" class=\"aligncenter size-full wp-image-135\" \/><\/td><td class=\"column-3\">Anexa 5 Sinteza potential prelucrare produse agricole<\/td><td class=\"column-4\">RO<\/td><td class=\"column-5\">102 KB<\/td><td class=\"column-6\"><a href=\"https:\/\/galcolineleolteniei.ro\/2014-2020\/wp-content\/uploads\/2019\/01\/8.-Anexa_5_-_Sinteza_potential_prelucrare_produse_agricole-1.pdf\">Descarca<\/a><\/td>\n<\/tr>\n<tr class=\"row-10\">\n\t<td class=\"column-1\">9<\/td><td class=\"column-2\"><img loading=\"lazy\" decoding=\"async\" src=\"https:\/\/galcolineleolteniei.ro\/2014-2020\/wp-content\/uploads\/2017\/08\/Excel-logo.svg_.png\" alt=\"\" width=\"40\" height=\"39\" class=\"aligncenter size-full wp-image-148\" \/><\/td><td class=\"column-3\">Potential prelucrare produse agricole sM 4.2<\/td><td class=\"column-4\">RO<\/td><td class=\"column-5\">855 KB<\/td><td class=\"column-6\"><a href=\"https:\/\/galcolineleolteniei.ro\/2014-2020\/wp-content\/uploads\/2019\/01\/9.-Potential_prelucrare_produse_agricole_sM_4.2-1.xls\">Descarca<\/a><\/td>\n<\/tr>\n<tr class=\"row-11\">\n\t<td class=\"column-1\">10<\/td><td class=\"column-2\"><img loading=\"lazy\" decoding=\"async\" src=\"https:\/\/galcolineleolteniei.ro\/2014-2020\/wp-content\/uploads\/2017\/08\/Microsoft_Word_doc_logo.40.png\" alt=\"\" width=\"40\" height=\"40\" class=\"aligncenter size-full wp-image-132\" \/><\/td><td class=\"column-3\">Anexa 7 Fisa Masurii M4-3A<\/td><td class=\"column-4\">RO<\/td><td class=\"column-5\">20 KB<\/td><td class=\"column-6\"><a href=\"https:\/\/galcolineleolteniei.ro\/2014-2020\/wp-content\/uploads\/2019\/01\/10.-Anexa-7-FI\u015eA-M\u0102SURII-M4-3A-1.docx\">Descarca<\/a><\/td>\n<\/tr>\n<tr class=\"row-12\">\n\t<td class=\"column-1\">11<\/td><td class=\"column-2\"><img loading=\"lazy\" decoding=\"async\" src=\"https:\/\/galcolineleolteniei.ro\/2014-2020\/wp-content\/uploads\/2017\/08\/pdflogo.png\" alt=\"\" width=\"40\" height=\"40\" class=\"aligncenter size-full wp-image-135\" \/><\/td><td class=\"column-3\">Anexa 9 Lista UAT din Zone cu Constrangeri Specifice<\/td><td class=\"column-4\">RO<\/td><td class=\"column-5\">255 KB<\/td><td class=\"column-6\"><a href=\"https:\/\/galcolineleolteniei.ro\/2014-2020\/wp-content\/uploads\/2019\/01\/11.-Anexa_9__-Lista_UAT_din_Zone_cu_Constrangeri_Specifice-1.pdf\">Descarca<\/a><\/td>\n<\/tr>\n<tr class=\"row-13\">\n\t<td class=\"column-1\">12<\/td><td class=\"column-2\"><img loading=\"lazy\" decoding=\"async\" src=\"https:\/\/galcolineleolteniei.ro\/2014-2020\/wp-content\/uploads\/2017\/08\/pdflogo.png\" alt=\"\" width=\"40\" height=\"40\" class=\"aligncenter size-full wp-image-135\" \/><\/td><td class=\"column-3\"> Anexa 10 Lista UAT din Zone cu Constrangeri Semnificative<\/td><td class=\"column-4\">RO<\/td><td class=\"column-5\">395 KB<\/td><td class=\"column-6\"><a href=\"https:\/\/galcolineleolteniei.ro\/2014-2020\/wp-content\/uploads\/2019\/01\/12.-Anexa_10_-_Lista_UAT_din__Zone_cu_Constr\u00e2ngeri_Semnificative-1.pdf\">Descarca<\/a><\/td>\n<\/tr>\n<tr class=\"row-14\">\n\t<td class=\"column-1\">13<\/td><td class=\"column-2\"><img loading=\"lazy\" decoding=\"async\" src=\"https:\/\/galcolineleolteniei.ro\/2014-2020\/wp-content\/uploads\/2017\/08\/Microsoft_Word_doc_logo.40.png\" alt=\"\" width=\"40\" height=\"40\" class=\"aligncenter size-full wp-image-132\" \/><\/td><td class=\"column-3\">Anexa 11 Declaratie privind FIRMA IN DIFICULTATE<\/td><td class=\"column-4\">RO<\/td><td class=\"column-5\">98 KB<\/td><td class=\"column-6\"><a href=\"https:\/\/galcolineleolteniei.ro\/2014-2020\/wp-content\/uploads\/2019\/01\/13.-Anexa_11_Declaratie_privind_FIRMA_IN_DIFICULTATE-1.doc\">Descarca<\/a><\/td>\n<\/tr>\n<tr class=\"row-15\">\n\t<td class=\"column-1\">14<\/td><td class=\"column-2\"><img loading=\"lazy\" decoding=\"async\" src=\"https:\/\/galcolineleolteniei.ro\/2014-2020\/wp-content\/uploads\/2017\/08\/Microsoft_Word_doc_logo.40.png\" alt=\"\" width=\"40\" height=\"40\" class=\"aligncenter size-full wp-image-132\" \/><\/td><td class=\"column-3\"> Anexa 12 Intructiuni privind evitarea crearii de conditii artificiale<\/td><td class=\"column-4\">RO<\/td><td class=\"column-5\">86 KB<\/td><td class=\"column-6\"><a href=\"https:\/\/galcolineleolteniei.ro\/2014-2020\/wp-content\/uploads\/2019\/01\/14.-Anexa_12_-_Intructiuni_privind_evitarea_crearii_de_conditii_artificiale-1.doc\">Descarca<\/a><\/td>\n<\/tr>\n<tr class=\"row-16\">\n\t<td class=\"column-1\">15<\/td><td class=\"column-2\"><img loading=\"lazy\" decoding=\"async\" src=\"https:\/\/galcolineleolteniei.ro\/2014-2020\/wp-content\/uploads\/2017\/08\/Microsoft_Word_doc_logo.40.png\" alt=\"\" width=\"40\" height=\"40\" class=\"aligncenter size-full wp-image-132\" \/><\/td><td class=\"column-3\">Anexa13 Angajament pe proprie raspundere privind utilizarea cofinantarii<\/td><td class=\"column-4\">RO<\/td><td class=\"column-5\">50 KB<\/td><td class=\"column-6\"><a href=\"https:\/\/galcolineleolteniei.ro\/2014-2020\/wp-content\/uploads\/2019\/01\/15.-Anexa13_Angajament_pe_proprie_r\u0103spundere_privind_utilizarea_cofinan\u0163\u0103rii-1.doc\">Descarca<\/a><\/td>\n<\/tr>\n<tr class=\"row-17\">\n\t<td class=\"column-1\">16<\/td><td class=\"column-2\"><img loading=\"lazy\" decoding=\"async\" src=\"https:\/\/galcolineleolteniei.ro\/2014-2020\/wp-content\/uploads\/2017\/08\/Microsoft_Word_doc_logo.40.png\" alt=\"\" width=\"40\" height=\"40\" class=\"aligncenter size-full wp-image-132\" \/><\/td><td class=\"column-3\">Anexa 14 Declaratie pe Propria Raspundere a beneficiarului de  raportare la GAL<\/td><td class=\"column-4\">RO<\/td><td class=\"column-5\">29 KB<\/td><td class=\"column-6\"><a href=\"https:\/\/galcolineleolteniei.ro\/2014-2020\/wp-content\/uploads\/2019\/01\/16.-Anexa_14_Declaratie_pe_Propria_Raspundere_a_beneficiarul_-de-_raportare_la_GAL-1.docx\">Descarca<\/a><\/td>\n<\/tr>\n<tr class=\"row-18\">\n\t<td class=\"column-1\">17<\/td><td class=\"column-2\"><img loading=\"lazy\" decoding=\"async\" src=\"https:\/\/galcolineleolteniei.ro\/2014-2020\/wp-content\/uploads\/2017\/08\/Microsoft_Word_doc_logo.40.png\" alt=\"\" width=\"40\" height=\"40\" class=\"aligncenter size-full wp-image-132\" \/><\/td><td class=\"column-3\">Fisa de verificare a conformitatii M4-3A<\/td><td class=\"column-4\">RO<\/td><td class=\"column-5\">644 KB<\/td><td class=\"column-6\"><a href=\"https:\/\/galcolineleolteniei.ro\/2014-2020\/wp-content\/uploads\/2021\/11\/17.-Fisa_de_verificare_a_conformitatii_M4-3A.docx\">Descarca<\/a><\/td>\n<\/tr>\n<tr class=\"row-19\">\n\t<td class=\"column-1\">18<\/td><td class=\"column-2\"><img loading=\"lazy\" decoding=\"async\" src=\"https:\/\/galcolineleolteniei.ro\/2014-2020\/wp-content\/uploads\/2017\/08\/Microsoft_Word_doc_logo.40.png\" alt=\"\" width=\"40\" height=\"40\" class=\"aligncenter size-full wp-image-132\" \/><\/td><td class=\"column-3\">Fisa de verificare a conditiilor de eligibilitate M4-3A<\/td><td class=\"column-4\">RO<\/td><td class=\"column-5\">1504 KB<\/td><td class=\"column-6\"><a href=\"https:\/\/galcolineleolteniei.ro\/2014-2020\/wp-content\/uploads\/2021\/11\/18.-Fisa-de-verificare-a-conditiilor-de-eligibilitate-M4-3A.doc\">Descarca<\/a><\/td>\n<\/tr>\n<tr class=\"row-20\">\n\t<td class=\"column-1\">19<\/td><td class=\"column-2\"><img loading=\"lazy\" decoding=\"async\" src=\"https:\/\/galcolineleolteniei.ro\/2014-2020\/wp-content\/uploads\/2017\/08\/Microsoft_Word_doc_logo.40.png\" alt=\"\" width=\"40\" height=\"40\" class=\"aligncenter size-full wp-image-132\" \/><\/td><td class=\"column-3\">Fisa de verificare a criteriilor de selec\u021bie M4-3A<\/td><td class=\"column-4\">RO<\/td><td class=\"column-5\">66 KB<\/td><td class=\"column-6\"><a href=\"https:\/\/galcolineleolteniei.ro\/2014-2020\/wp-content\/uploads\/2021\/11\/19.-Fisa_de_verificare_a_criteriilor_de_selectie-M4-3A.docx\">Descarca<\/a><\/td>\n<\/tr>\n<\/tbody>\n<\/table>\n<!-- #tablepress-9 from cache --><\/p>\n","protected":false},"excerpt":{"rendered":"<p>Documente Utile<\/p>\n","protected":false},"author":1,"featured_media":0,"parent":122,"menu_order":0,"comment_status":"closed","ping_status":"closed","template":"","meta":{"footnotes":""},"class_list":["post-697","page","type-page","status-publish","hentry"],"_links":{"self":[{"href":"https:\/\/galcolineleolteniei.ro\/2014-2020\/wp-json\/wp\/v2\/pages\/697","targetHints":{"allow":["GET"]}}],"collection":[{"href":"https:\/\/galcolineleolteniei.ro\/2014-2020\/wp-json\/wp\/v2\/pages"}],"about":[{"href":"https:\/\/galcolineleolteniei.ro\/2014-2020\/wp-json\/wp\/v2\/types\/page"}],"author":[{"embeddable":true,"href":"https:\/\/galcolineleolteniei.ro\/2014-2020\/wp-json\/wp\/v2\/users\/1"}],"replies":[{"embeddable":true,"href":"https:\/\/galcolineleolteniei.ro\/2014-2020\/wp-json\/wp\/v2\/comments?post=697"}],"version-history":[{"count":1,"href":"https:\/\/galcolineleolteniei.ro\/2014-2020\/wp-json\/wp\/v2\/pages\/697\/revisions"}],"predecessor-version":[{"id":698,"href":"https:\/\/galcolineleolteniei.ro\/2014-2020\/wp-json\/wp\/v2\/pages\/697\/revisions\/698"}],"up":[{"embeddable":true,"href":"https:\/\/galcolineleolteniei.ro\/2014-2020\/wp-json\/wp\/v2\/pages\/122"}],"wp:attachment":[{"href":"https:\/\/galcolineleolteniei.ro\/2014-2020\/wp-json\/wp\/v2\/media?parent=697"}],"curies":[{"name":"wp","href":"https:\/\/api.w.org\/{rel}","templated":true}]}}